{"id":6774,"date":"2023-03-14T18:09:18","date_gmt":"2023-03-14T17:09:18","guid":{"rendered":"http:\/\/trobreizh.com\/?page_id=6774"},"modified":"2023-03-14T18:27:51","modified_gmt":"2023-03-14T17:27:51","slug":"mentions-legales","status":"publish","type":"page","link":"https:\/\/trobreizh.com\/index.php\/mentions-legales\/","title":{"rendered":"Mentions l\u00e9gales"},"content":{"rendered":"\n<h3 class=\"wp-block-heading\">1. Dispositions juridictionnelles<\/h3>\n\n\n\n<p>Le site <a href=\"http:\/\/www.trobreizh.com\">www.trobreizh.com<\/a> et son contenu sont r\u00e9gis par le Droit Fran\u00e7ais, et tout litige \u00e9ventuel s\u2019y rapportant sera soumis \u00e0 la comp\u00e9tence des tribunaux fran\u00e7ais.<\/p>\n\n\n\n<h3 class=\"wp-block-heading\">2. Edition, publication<\/h3>\n\n\n\n<p><strong>Editeur du site :<\/strong><br>TRO BREIZH<br>La Basse Rouillais<br>35420 Louvign\u00e9 du D\u00e9sert<br>Port. 06 98 86 16 18<\/p>\n\n\n\n<p><strong>Directeur de publication :<\/strong><br>Monsieur Nicolas TUMOINE<\/p>\n\n\n\n<p><strong>Cr\u00e9ation du site internet<\/strong> :<br>Baptiste Lemercier \u2013 Agence de communication <strong>Baptiste<\/strong><br>SIRET 879 977 882 00015<\/p>\n\n\n\n<p><strong>H\u00e9bergement du site :<\/strong><\/p>\n\n\n\n<p>OVH \u2013 SAS au capital de 10 069 020 \u20ac<br>RCS Lille M\u00e9tropole 424 761 419 00045<br>Code APE 2620Z<br>N\u00b0 TVA : FR 22 424 761 419<br>Si\u00e8ge social : 2 rue Kellermann \u2013 59100 Roubaix \u2013 France<\/p>\n\n\n\n<h3 class=\"wp-block-heading\">3. Propri\u00e9t\u00e9 intellectuelle<\/h3>\n\n\n\n<p>Ce site appartient et est exploit\u00e9 par Tro Breizh. Son contenu (pages, textes, graphiques,\u2026) est prot\u00e9g\u00e9 par les lois en vigueur sur la propri\u00e9t\u00e9 intellectuelle et font l\u2019objet d\u2019une autorisation d\u2019utilisation.<\/p>\n\n\n\n<p>Tous les droits concernant les contenus de ce site sont r\u00e9serv\u00e9s. Aucun \u00e9l\u00e9ment composant ce site ne peut \u00eatre copi\u00e9, reproduit, modifi\u00e9, d\u00e9natur\u00e9, transmis, de fa\u00e7on partielle ou int\u00e9grale, sans l\u2019autorisation \u00e9crite et pr\u00e9alable de Tro Breizh.<\/p>\n\n\n\n<p>La copie \u00e0 usage priv\u00e9 sur ordinateur personnel est autoris\u00e9e pour usage personnel et non commercial.<\/p>\n\n\n\n<h3 class=\"wp-block-heading\">4 \u2013 Conformit\u00e9 au R\u00e8glement G\u00e9n\u00e9ral de la Protection des Donn\u00e9es (RGPD)<\/h3>\n\n\n\n<p>Tro Breizh applique les directives relatives au R\u00e8glement G\u00e9n\u00e9ral de la Protection des Donn\u00e9es (RGPD) de l\u2019Union Europ\u00e9enne.<\/p>\n\n\n\n<p>Toutes les donn\u00e9es personnelles qui nous sont communiqu\u00e9es via les formulaires de ce site, apr\u00e8s consentement, n\u2019ont pour objectif que de servir ou r\u00e9pondre le plus efficacement possible aux demandes exprim\u00e9es. Nous ne communiquons aucune de ces donn\u00e9es \u00e0 des tiers. Nous vous invitons \u00e0 consulter la page \u00ab Politique de confidentialit\u00e9 \u00bb, pour obtenir plus d\u2019informations sur le traitement que nous appliquons sur les donn\u00e9es personnelles qui nous ont \u00e9t\u00e9 communiqu\u00e9es.<\/p>\n\n\n\n<p>Pour toute question relative \u00e0 la protection des donn\u00e9es personnelles, vous pouvez \u00e9galement contacter le responsable du traitement \u00e0 l\u2019adresse suivante :<\/p>\n\n\n\n<p><strong>TRO BREIZH<br>La Basse Rouillais<br>35420 Louvign\u00e9 du D\u00e9sert<\/strong><\/p>\n\n\n\n<h3 class=\"wp-block-heading\">5. Limitations de responsabilit\u00e9<\/h3>\n\n\n\n<p>Nous nous effor\u00e7ons au mieux de nos possibilit\u00e9s de garantir l\u2019exactitude et la mise \u00e0 jour des informations diffus\u00e9es sur notre site. Nous nous r\u00e9servons le droit de corriger \u00e0 tout moment et sans pr\u00e9avis son contenu. N\u00e9anmoins nous ne pouvons garantir l\u2019exhaustivit\u00e9 ou l\u2019enti\u00e8re exactitude des informations mises \u00e0 la disposition sur le site.<\/p>\n\n\n\n<p>En cons\u00e9quence, nous d\u00e9clinons toute responsabilit\u00e9 pour toute impr\u00e9cision, inexactitude ou omission portant sur des informations disponibles sur le site.<\/p>\n\n\n\n<h3 class=\"wp-block-heading\">6. Disponibilit\u00e9<\/h3>\n\n\n\n<p>Le fonctionnement du site peut \u00eatre affect\u00e9 par des \u00e9v\u00e9nements que nous ne contr\u00f4lons pas, tels que par exemple, des pannes r\u00e9seau ou de transmission entre votre poste informatique, le r\u00e9seau internet, votre fournisseur d\u2019acc\u00e8s, notre h\u00e9bergeur.<\/p>\n\n\n\n<p>Nous, nos fournisseurs de services ou h\u00e9bergeur, nous r\u00e9servons \u00e9galement le droit, \u00e0 tout moment, d\u2019interrompre temporairement, tout ou partie du site pour effectuer des op\u00e9rations de maintenance, des am\u00e9liorations ou des modifications sur le site ou le serveur qui l\u2019h\u00e9berge sans \u00eatre tenus pour responsables de ces suspensions ou interruptions.<\/p>\n\n\n\n<h3 class=\"wp-block-heading\">7. Cr\u00e9dits<\/h3>\n\n\n\n<p><strong>Cr\u00e9ation site internet :<br><\/strong>Baptiste Lemercier &#8211; <strong>Agence Baptiste<\/strong><\/p>\n\n\n\n<p><strong>Images &amp; r\u00e9dactionnel :<\/strong><br>Tro Breizh<br>Unsplash<\/p>\n\n\n\n<h3 class=\"wp-block-heading\">8. Cookies<\/h3>\n\n\n\n<p>Le site www.trobreizh.com s\u2019appuie sur l\u2019outil de gestion open source WordPress.<\/p>\n\n\n\n<p>Celui-ci g\u00e8re des cookies pour les utilisateurs connect\u00e9s afin qu\u2019ils puissent \u00eatre reconnus durant leurs sessions.<\/p>\n\n\n\n<p>L\u2019utilisation du site www.trobreizh.com vaut acceptation des cookies.<\/p>\n","protected":false},"excerpt":{"rendered":"<p>1. Dispositions juridictionnelles Le site www.trobreizh.com et son contenu sont r\u00e9gis par le Droit Fran\u00e7ais, et tout litige \u00e9ventuel s\u2019y rapportant sera soumis \u00e0 la comp\u00e9tence des tribunaux fran\u00e7ais. 2. Edition, publication Editeur du site :TRO BREIZHLa Basse Rouillais35420 Louvign\u00e9 du D\u00e9sertPort. 06 98 86 16 18 Directeur de publication :Monsieur Nicolas TUMOINE Cr\u00e9ation du &#8230;<\/p>\n","protected":false},"author":1,"featured_media":0,"parent":0,"menu_order":0,"comment_status":"closed","ping_status":"closed","template":"","meta":{"_themeisle_gutenberg_block_has_review":false,"patiotime_single_page_hide_site_header":"","patiotime_single_page_site_header_source":"","patiotime_single_page_custom_site_header":"0","patiotime_single_page_custom_sticky_site_header":"0","patiotime_single_page_hide_page_title":"","patiotime_single_page_header_section_size":"","patiotime_single_page_header_background_color":"","patiotime_single_page_header_background_position_x":"center","patiotime_single_page_header_background_position_y":"center","patiotime_single_page_header_background_size":"cover","patiotime_single_page_header_background_repeat":"off","patiotime_single_page_header_background_scroll":"on","patiotime_single_page_header_text_color":"","patiotime_single_page_header_show_breadcrumb":"","patiotime_single_page_site_footer_hide_main":"","patiotime_single_custom_site_footer_main_source":"","patiotime_single_custom_site_footer_main":"0","patiotime_single_page_site_footer_hide_above":"","patiotime_single_custom_site_footer_above_source":"","patiotime_single_custom_site_footer_above":"0","patiotime_single_page_site_footer_hide_instagram":"","patiotime_single_page_site_footer_hide_bottom":"","patiotime_single_custom_mobile_menu_source":"","patiotime_single_custom_mobile_menu":"0","patiotime_single_custom_mobile_menu_animation":"","patiotime_single_custom_mobile_menu_width":"","patiotime_single_custom_mobile_menu_custom_width":375,"footnotes":""},"class_list":["post-6774","page","type-page","status-publish","hentry"],"yoast_head":"<!-- This site is optimized with the Yoast SEO plugin v27.4 - https:\/\/yoast.com\/product\/yoast-seo-wordpress\/ -->\n<title>Mentions l\u00e9gales - Tro Breizh<\/title>\n<meta name=\"robots\" content=\"index, follow, max-snippet:-1, max-image-preview:large, max-video-preview:-1\" \/>\n<link rel=\"canonical\" href=\"https:\/\/trobreizh.com\/index.php\/mentions-legales\/\" \/>\n<meta property=\"og:locale\" content=\"fr_FR\" \/>\n<meta property=\"og:type\" content=\"article\" \/>\n<meta property=\"og:title\" content=\"Mentions l\u00e9gales - Tro Breizh\" \/>\n<meta property=\"og:description\" content=\"1. Dispositions juridictionnelles Le site www.trobreizh.com et son contenu sont r\u00e9gis par le Droit Fran\u00e7ais, et tout litige \u00e9ventuel s\u2019y rapportant sera soumis \u00e0 la comp\u00e9tence des tribunaux fran\u00e7ais. 2. Edition, publication Editeur du site :TRO BREIZHLa Basse Rouillais35420 Louvign\u00e9 du D\u00e9sertPort. 06 98 86 16 18 Directeur de publication :Monsieur Nicolas TUMOINE Cr\u00e9ation du ...\" \/>\n<meta property=\"og:url\" content=\"https:\/\/trobreizh.com\/index.php\/mentions-legales\/\" \/>\n<meta property=\"og:site_name\" content=\"Tro Breizh\" \/>\n<meta property=\"article:modified_time\" content=\"2023-03-14T17:27:51+00:00\" \/>\n<meta name=\"twitter:card\" content=\"summary_large_image\" \/>\n<meta name=\"twitter:label1\" content=\"Dur\u00e9e de lecture estim\u00e9e\" \/>\n\t<meta name=\"twitter:data1\" content=\"3 minutes\" \/>\n<script type=\"application\/ld+json\" class=\"yoast-schema-graph\">{\"@context\":\"https:\\\/\\\/schema.org\",\"@graph\":[{\"@type\":\"WebPage\",\"@id\":\"https:\\\/\\\/trobreizh.com\\\/index.php\\\/mentions-legales\\\/\",\"url\":\"https:\\\/\\\/trobreizh.com\\\/index.php\\\/mentions-legales\\\/\",\"name\":\"Mentions l\u00e9gales - Tro Breizh\",\"isPartOf\":{\"@id\":\"https:\\\/\\\/trobreizh.com\\\/#website\"},\"datePublished\":\"2023-03-14T17:09:18+00:00\",\"dateModified\":\"2023-03-14T17:27:51+00:00\",\"breadcrumb\":{\"@id\":\"https:\\\/\\\/trobreizh.com\\\/index.php\\\/mentions-legales\\\/#breadcrumb\"},\"inLanguage\":\"fr-FR\",\"potentialAction\":[{\"@type\":\"ReadAction\",\"target\":[\"https:\\\/\\\/trobreizh.com\\\/index.php\\\/mentions-legales\\\/\"]}]},{\"@type\":\"BreadcrumbList\",\"@id\":\"https:\\\/\\\/trobreizh.com\\\/index.php\\\/mentions-legales\\\/#breadcrumb\",\"itemListElement\":[{\"@type\":\"ListItem\",\"position\":1,\"name\":\"Accueil\",\"item\":\"https:\\\/\\\/trobreizh.com\\\/\"},{\"@type\":\"ListItem\",\"position\":2,\"name\":\"Mentions l\u00e9gales\"}]},{\"@type\":\"WebSite\",\"@id\":\"https:\\\/\\\/trobreizh.com\\\/#website\",\"url\":\"https:\\\/\\\/trobreizh.com\\\/\",\"name\":\"Tro Breizh\",\"description\":\"Galettes &amp; Cr\u00eapes\",\"publisher\":{\"@id\":\"https:\\\/\\\/trobreizh.com\\\/#organization\"},\"potentialAction\":[{\"@type\":\"SearchAction\",\"target\":{\"@type\":\"EntryPoint\",\"urlTemplate\":\"https:\\\/\\\/trobreizh.com\\\/?s={search_term_string}\"},\"query-input\":{\"@type\":\"PropertyValueSpecification\",\"valueRequired\":true,\"valueName\":\"search_term_string\"}}],\"inLanguage\":\"fr-FR\"},{\"@type\":\"Organization\",\"@id\":\"https:\\\/\\\/trobreizh.com\\\/#organization\",\"name\":\"Tro Breizh\",\"url\":\"https:\\\/\\\/trobreizh.com\\\/\",\"logo\":{\"@type\":\"ImageObject\",\"inLanguage\":\"fr-FR\",\"@id\":\"https:\\\/\\\/trobreizh.com\\\/#\\\/schema\\\/logo\\\/image\\\/\",\"url\":\"https:\\\/\\\/trobreizh.com\\\/wp-content\\\/uploads\\\/2022\\\/03\\\/cropped-tro-briezh-logo-copie-1.png\",\"contentUrl\":\"https:\\\/\\\/trobreizh.com\\\/wp-content\\\/uploads\\\/2022\\\/03\\\/cropped-tro-briezh-logo-copie-1.png\",\"width\":517,\"height\":199,\"caption\":\"Tro Breizh\"},\"image\":{\"@id\":\"https:\\\/\\\/trobreizh.com\\\/#\\\/schema\\\/logo\\\/image\\\/\"}}]}<\/script>\n<!-- \/ Yoast SEO plugin. -->","yoast_head_json":{"title":"Mentions l\u00e9gales - Tro Breizh","robots":{"index":"index","follow":"follow","max-snippet":"max-snippet:-1","max-image-preview":"max-image-preview:large","max-video-preview":"max-video-preview:-1"},"canonical":"https:\/\/trobreizh.com\/index.php\/mentions-legales\/","og_locale":"fr_FR","og_type":"article","og_title":"Mentions l\u00e9gales - Tro Breizh","og_description":"1. Dispositions juridictionnelles Le site www.trobreizh.com et son contenu sont r\u00e9gis par le Droit Fran\u00e7ais, et tout litige \u00e9ventuel s\u2019y rapportant sera soumis \u00e0 la comp\u00e9tence des tribunaux fran\u00e7ais. 2. Edition, publication Editeur du site :TRO BREIZHLa Basse Rouillais35420 Louvign\u00e9 du D\u00e9sertPort. 06 98 86 16 18 Directeur de publication :Monsieur Nicolas TUMOINE Cr\u00e9ation du ...","og_url":"https:\/\/trobreizh.com\/index.php\/mentions-legales\/","og_site_name":"Tro Breizh","article_modified_time":"2023-03-14T17:27:51+00:00","twitter_card":"summary_large_image","twitter_misc":{"Dur\u00e9e de lecture estim\u00e9e":"3 minutes"},"schema":{"@context":"https:\/\/schema.org","@graph":[{"@type":"WebPage","@id":"https:\/\/trobreizh.com\/index.php\/mentions-legales\/","url":"https:\/\/trobreizh.com\/index.php\/mentions-legales\/","name":"Mentions l\u00e9gales - Tro Breizh","isPartOf":{"@id":"https:\/\/trobreizh.com\/#website"},"datePublished":"2023-03-14T17:09:18+00:00","dateModified":"2023-03-14T17:27:51+00:00","breadcrumb":{"@id":"https:\/\/trobreizh.com\/index.php\/mentions-legales\/#breadcrumb"},"inLanguage":"fr-FR","potentialAction":[{"@type":"ReadAction","target":["https:\/\/trobreizh.com\/index.php\/mentions-legales\/"]}]},{"@type":"BreadcrumbList","@id":"https:\/\/trobreizh.com\/index.php\/mentions-legales\/#breadcrumb","itemListElement":[{"@type":"ListItem","position":1,"name":"Accueil","item":"https:\/\/trobreizh.com\/"},{"@type":"ListItem","position":2,"name":"Mentions l\u00e9gales"}]},{"@type":"WebSite","@id":"https:\/\/trobreizh.com\/#website","url":"https:\/\/trobreizh.com\/","name":"Tro Breizh","description":"Galettes &amp; Cr\u00eapes","publisher":{"@id":"https:\/\/trobreizh.com\/#organization"},"potentialAction":[{"@type":"SearchAction","target":{"@type":"EntryPoint","urlTemplate":"https:\/\/trobreizh.com\/?s={search_term_string}"},"query-input":{"@type":"PropertyValueSpecification","valueRequired":true,"valueName":"search_term_string"}}],"inLanguage":"fr-FR"},{"@type":"Organization","@id":"https:\/\/trobreizh.com\/#organization","name":"Tro Breizh","url":"https:\/\/trobreizh.com\/","logo":{"@type":"ImageObject","inLanguage":"fr-FR","@id":"https:\/\/trobreizh.com\/#\/schema\/logo\/image\/","url":"https:\/\/trobreizh.com\/wp-content\/uploads\/2022\/03\/cropped-tro-briezh-logo-copie-1.png","contentUrl":"https:\/\/trobreizh.com\/wp-content\/uploads\/2022\/03\/cropped-tro-briezh-logo-copie-1.png","width":517,"height":199,"caption":"Tro Breizh"},"image":{"@id":"https:\/\/trobreizh.com\/#\/schema\/logo\/image\/"}}]}},"_links":{"self":[{"href":"https:\/\/trobreizh.com\/index.php\/wp-json\/wp\/v2\/pages\/6774","targetHints":{"allow":["GET"]}}],"collection":[{"href":"https:\/\/trobreizh.com\/index.php\/wp-json\/wp\/v2\/pages"}],"about":[{"href":"https:\/\/trobreizh.com\/index.php\/wp-json\/wp\/v2\/types\/page"}],"author":[{"embeddable":true,"href":"https:\/\/trobreizh.com\/index.php\/wp-json\/wp\/v2\/users\/1"}],"replies":[{"embeddable":true,"href":"https:\/\/trobreizh.com\/index.php\/wp-json\/wp\/v2\/comments?post=6774"}],"version-history":[{"count":5,"href":"https:\/\/trobreizh.com\/index.php\/wp-json\/wp\/v2\/pages\/6774\/revisions"}],"predecessor-version":[{"id":6787,"href":"https:\/\/trobreizh.com\/index.php\/wp-json\/wp\/v2\/pages\/6774\/revisions\/6787"}],"wp:attachment":[{"href":"https:\/\/trobreizh.com\/index.php\/wp-json\/wp\/v2\/media?parent=6774"}],"curies":[{"name":"wp","href":"https:\/\/api.w.org\/{rel}","templated":true}]}}